{"id":67,"date":"2017-11-13T12:19:30","date_gmt":"2017-11-13T18:19:30","guid":{"rendered":"http:\/\/elecciones.sociales.unam.mx\/?page_id=67"},"modified":"2018-01-26T13:34:03","modified_gmt":"2018-01-26T19:34:03","slug":"inicio","status":"publish","type":"page","link":"https:\/\/elecciones.sociales.unam.mx\/index.php\/inicio\/","title":{"rendered":"Presentaci\u00f3n"},"content":{"rendered":"<div id=\"dslc-content\" class=\"dslc-content dslc-clearfix\"><div id=\"dslc-main\">\r\n\t\t<div  class=\"dslc-modules-section \" style=\"\" data-section-id=\"7e5d1da08c3\">\r\n\t\t\t\t\r\n\t\t\t\t\r\n\t\t\t\t<div class=\"dslc-modules-section-wrapper dslc-clearfix\"><div class=\"dslc-modules-area dslc-col dslc-12-col dslc-last-col\" data-size=\"12\" data-valign=\"\">\r\n\t\t<div id=\"dslc-module-74276475960\" class=\"dslc-module-front dslc-module-DSLC_Text_Simple dslc-in-viewport-check dslc-in-viewport-anim-none  dslc-col dslc-12-col dslc-last-col  dslc-module-handle-like-regular \" data-module-id=\"74276475960\" data-module=\"DSLC_Text_Simple\" data-dslc-module-size=\"12\" data-dslc-anim=\"none\" data-dslc-anim-delay=\"\" data-dslc-anim-duration=\"650\"  data-dslc-anim-easing=\"ease\" data-dslc-preset=\"none\" >\r\n\r\n\t\t\t\r\n\t\t\t\r\n\t\t\r\n\t\t<div class=\"dslc-text-module-content\">\r\n\t\t\t\t\t<\/div>\r\n\r\n\t\t\r\n\t\t\t\t<\/div><!-- .dslc-module -->\r\n\t\t\r\n\t\t<div id=\"dslc-module-62841d019ab\" class=\"dslc-module-front dslc-module-DSLC_Text_Simple dslc-in-viewport-check dslc-in-viewport-anim-none  dslc-col dslc-12-col dslc-last-col  dslc-module-handle-like-regular \" data-module-id=\"62841d019ab\" data-module=\"DSLC_Text_Simple\" data-dslc-module-size=\"12\" data-dslc-anim=\"none\" data-dslc-anim-delay=\"\" data-dslc-anim-duration=\"650\"  data-dslc-anim-easing=\"ease\" data-dslc-preset=\"none\" >\r\n\r\n\t\t\t\r\n\t\t\t\r\n\t\t\r\n\t\t<div class=\"dslc-text-module-content\">\r\n\t\t\t<p>La presente investigaci\u00f3n pretende conocer y analizar la sucesi\u00f3n presidencial mexicana que ocurrir\u00e1 el primero de julio del 2018.<\/p><p>El proceso de renovaci\u00f3n pol\u00edtica en M\u00e9xico, que se inici\u00f3 en el mes de septiembre del presente a\u00f1o, trae consigo algunas transformaciones institucionales en la lucha pol\u00edtica, que se manifiestan de manera compleja en varios escenarios: la competitividad electoral (nacional y estatal); las transformaciones relevantes en los modelos partidarios; la creciente atenci\u00f3n de los medios de comunicaci\u00f3n; la mayor intervenci\u00f3n de las mujeres en la disputa del poder; la incertidumbre de una ciudadan\u00eda joven que no se reconoce en los actores pol\u00edticos tradicionales; las instituciones creadas para organizar elecciones y proporcionar justicia electoral.<\/p><p>Desde siempre, \u00a0el proceso de renovaci\u00f3n de la presidencia de la rep\u00fablica, \u00a0\u00a0impacta en toda la vida nacional. Es innecesario argumentar la importancia que tiene este fen\u00f3meno.<\/p><p>Los coordinadores de \u00e9sta investigaci\u00f3n, acompa\u00f1ados por especialistas de diferentes instituciones acad\u00e9micas, estudiantes de posgrado y prestadores de servicio social, tenemos como objetivo presentar las explicaciones necesarias para entender el acontecer democr\u00e1tico mexicano en \u00e9sta coyuntura particular.<\/p><p>Todo lo anterior con el fin \u00faltimo de construir conocimientos cient\u00edficos de la realidad social y pol\u00edtica, que sirvan a la sociedad.<\/p>\t\t<\/div>\r\n\r\n\t\t\r\n\t\t\t\t<\/div><!-- .dslc-module -->\r\n\t\t<\/div><\/div><\/div>\r\n\t\t<div  class=\"dslc-modules-section \" style=\"\" data-section-id=\"9d530a0c255\">\r\n\t\t\t\t\r\n\t\t\t\t\r\n\t\t\t\t<div class=\"dslc-modules-section-wrapper dslc-clearfix\"><div class=\"dslc-modules-area dslc-col dslc-12-col dslc-last-col\" data-size=\"12\" data-valign=\"\"><\/div><div class=\"dslc-modules-area dslc-col dslc-12-col dslc-last-col\" data-size=\"12\" data-valign=\"\"><\/div><\/div><\/div><\/div><\/div>","protected":false},"excerpt":{"rendered":"<p>La presente investigaci\u00f3n pretende conocer y analizar la sucesi\u00f3n presidencial mexicana que ocurrir\u00e1 el primero de julio del 2018.El proceso de renovaci\u00f3n [&hellip;]<\/p>\n","protected":false},"author":4,"featured_media":0,"parent":0,"menu_order":4,"comment_status":"closed","ping_status":"closed","template":"","meta":{"jetpack_post_was_ever_published":false,"footnotes":""},"jetpack_sharing_enabled":true,"jetpack_shortlink":"https:\/\/wp.me\/P9nQ2e-15","_links":{"self":[{"href":"https:\/\/elecciones.sociales.unam.mx\/index.php\/wp-json\/wp\/v2\/pages\/67"}],"collection":[{"href":"https:\/\/elecciones.sociales.unam.mx\/index.php\/wp-json\/wp\/v2\/pages"}],"about":[{"href":"https:\/\/elecciones.sociales.unam.mx\/index.php\/wp-json\/wp\/v2\/types\/page"}],"author":[{"embeddable":true,"href":"https:\/\/elecciones.sociales.unam.mx\/index.php\/wp-json\/wp\/v2\/users\/4"}],"replies":[{"embeddable":true,"href":"https:\/\/elecciones.sociales.unam.mx\/index.php\/wp-json\/wp\/v2\/comments?post=67"}],"version-history":[{"count":13,"href":"https:\/\/elecciones.sociales.unam.mx\/index.php\/wp-json\/wp\/v2\/pages\/67\/revisions"}],"predecessor-version":[{"id":1331,"href":"https:\/\/elecciones.sociales.unam.mx\/index.php\/wp-json\/wp\/v2\/pages\/67\/revisions\/1331"}],"wp:attachment":[{"href":"https:\/\/elecciones.sociales.unam.mx\/index.php\/wp-json\/wp\/v2\/media?parent=67"}],"curies":[{"name":"wp","href":"https:\/\/api.w.org\/{rel}","templated":true}]}}